{"id":2439,"date":"2023-07-17T20:48:15","date_gmt":"2023-07-17T20:48:15","guid":{"rendered":"https:\/\/creatorcy.com\/privacy-policy-2\/"},"modified":"2023-07-17T21:01:50","modified_gmt":"2023-07-17T21:01:50","slug":"privacy-policy","status":"publish","type":"page","link":"https:\/\/creatorcy.com\/es\/privacy-policy\/","title":{"rendered":"Pol\u00edtica de Privacidad"},"content":{"rendered":"<div data-elementor-type=\"wp-page\" data-elementor-id=\"2439\" class=\"elementor elementor-2439\" data-elementor-post-type=\"page\">\n\t\t\t\t\t\t<section class=\"elementor-section elementor-top-section elementor-element elementor-element-6f142f96 elementor-section-content-space-around elementor-section-boxed elementor-section-height-default elementor-section-height-default\" data-id=\"6f142f96\" data-element_type=\"section\" data-settings=\"{&quot;background_background&quot;:&quot;classic&quot;}\">\n\t\t\t\t\t\t<div class=\"elementor-container elementor-column-gap-no\">\n\t\t\t\t\t<div class=\"elementor-column elementor-col-100 elementor-top-column elementor-element elementor-element-465c6e83\" data-id=\"465c6e83\" data-element_type=\"column\">\n\t\t\t<div class=\"elementor-widget-wrap elementor-element-populated\">\n\t\t\t\t\t\t<div class=\"elementor-element elementor-element-7c96c4cf elementor-widget elementor-widget-heading\" data-id=\"7c96c4cf\" data-element_type=\"widget\" data-widget_type=\"heading.default\">\n\t\t\t\t<div class=\"elementor-widget-container\">\n\t\t\t<style>\/*! elementor - v3.23.0 - 05-08-2024 *\/\n.elementor-heading-title{padding:0;margin:0;line-height:1}.elementor-widget-heading .elementor-heading-title[class*=elementor-size-]>a{color:inherit;font-size:inherit;line-height:inherit}.elementor-widget-heading .elementor-heading-title.elementor-size-small{font-size:15px}.elementor-widget-heading .elementor-heading-title.elementor-size-medium{font-size:19px}.elementor-widget-heading .elementor-heading-title.elementor-size-large{font-size:29px}.elementor-widget-heading .elementor-heading-title.elementor-size-xl{font-size:39px}.elementor-widget-heading .elementor-heading-title.elementor-size-xxl{font-size:59px}<\/style><h1 class=\"elementor-heading-title elementor-size-default\">Pol\u00edtica de Privacidad\n\n<\/h1>\t\t<\/div>\n\t\t\t\t<\/div>\n\t\t\t\t\t<\/div>\n\t\t<\/div>\n\t\t\t\t\t<\/div>\n\t\t<\/section>\n\t\t\t\t<section class=\"elementor-section elementor-top-section elementor-element elementor-element-16aaaa5d elementor-section-content-top elementor-section-boxed elementor-section-height-default elementor-section-height-default\" data-id=\"16aaaa5d\" data-element_type=\"section\" data-settings=\"{&quot;background_background&quot;:&quot;classic&quot;}\">\n\t\t\t\t\t\t\t<div class=\"elementor-background-overlay\"><\/div>\n\t\t\t\t\t\t\t<div class=\"elementor-container elementor-column-gap-no\">\n\t\t\t\t\t<div class=\"elementor-column elementor-col-100 elementor-top-column elementor-element elementor-element-5eb7abc7\" data-id=\"5eb7abc7\" data-element_type=\"column\">\n\t\t\t<div class=\"elementor-widget-wrap elementor-element-populated\">\n\t\t\t\t\t\t<div class=\"elementor-element elementor-element-4fcaac69 elementor-widget__width-initial elementor-widget elementor-widget-text-editor\" data-id=\"4fcaac69\" data-element_type=\"widget\" data-widget_type=\"text-editor.default\">\n\t\t\t\t<div class=\"elementor-widget-container\">\n\t\t\t<style>\/*! elementor - v3.23.0 - 05-08-2024 *\/\n.elementor-widget-text-editor.elementor-drop-cap-view-stacked .elementor-drop-cap{background-color:#69727d;color:#fff}.elementor-widget-text-editor.elementor-drop-cap-view-framed .elementor-drop-cap{color:#69727d;border:3px solid;background-color:transparent}.elementor-widget-text-editor:not(.elementor-drop-cap-view-default) .elementor-drop-cap{margin-top:8px}.elementor-widget-text-editor:not(.elementor-drop-cap-view-default) .elementor-drop-cap-letter{width:1em;height:1em}.elementor-widget-text-editor .elementor-drop-cap{float:left;text-align:center;line-height:1;font-size:50px}.elementor-widget-text-editor .elementor-drop-cap-letter{display:inline-block}<\/style>\t\t\t\t<p><b>Informaci\u00f3n al usuario<\/b><\/p>\n<p>Sebastian Ignacio Kuhnel Bozzo, en adelante \"Creatorcy\", es el Responsable del tratamiento de los datos personales del Usuario y le informa que estos datos ser\u00e1n tratados de conformidad con lo dispuesto en el Reglamento (UE) 2016\/679 de 27 de abril de 2016 (GDPR) relativo a la protecci\u00f3n de las personas f\u00edsicas en lo que respecta al tratamiento de datos personales y a la libre circulaci\u00f3n de estos datos. A continuaci\u00f3n, se proporciona la siguiente informaci\u00f3n sobre el tratamiento:<\/p>\n<p><b>Finalidad del tratamiento:<\/b> mantener una relaci\u00f3n comercial con el Usuario. Las operaciones previstas para realizar el tratamiento son:<\/p>\n<ul>\n<li>Remisi\u00f3n de comunicaciones comerciales publicitarias por email, fax, SMS, MMS, comunidades sociales u otros medios electr\u00f3nicos o f\u00edsicos, presentes o futuros, que permitan realizar comunicaciones comerciales. Estas comunicaciones ser\u00e1n realizadas por Creatorcy y estar\u00e1n relacionadas con sus productos y servicios, as\u00ed como los productos y servicios de sus colaboradores o proveedores con los que Creatorcy haya alcanzado acuerdos de promoci\u00f3n. En ning\u00fan caso, los terceros tendr\u00e1n acceso a los datos personales.<\/li>\n<li>Realizar estudios estad\u00edsticos.<\/li>\n<li>Tramitar encargos, solicitudes o cualquier tipo de petici\u00f3n que sea realizada por el usuario a trav\u00e9s de cualquiera de las formas de contacto proporcionadas.<\/li>\n<li>Remitir el bolet\u00edn de noticias de la p\u00e1gina web.<\/li>\n<\/ul>\n<p><b>Base jur\u00eddica del tratamiento:<\/b> consentimiento del interesado.<\/p>\n<p><b>Criterios de conservaci\u00f3n de los datos:<\/b> los datos se conservar\u00e1n mientras exista un inter\u00e9s mutuo para mantener la finalidad del tratamiento. Cuando los datos ya no sean necesarios para tal fin, se suprimir\u00e1n con medidas de seguridad adecuadas para garantizar la seudonimizaci\u00f3n de los datos o su destrucci\u00f3n total.<\/p>\n<p><b>Comunicaci\u00f3n de los datos:<\/b> No se comunicar\u00e1n los datos a terceros, salvo obligaci\u00f3n legal.<\/p>\n<p><b>Derechos que asisten al Usuario:<\/b><\/p>\n<ul>\n<li>Derecho a retirar el consentimiento en cualquier momento.<\/li>\n<li>Derecho de acceso, rectificaci\u00f3n, portabilidad y supresi\u00f3n de sus datos, as\u00ed como a la limitaci\u00f3n u oposici\u00f3n al tratamiento.<\/li>\n<li>Derecho a presentar una reclamaci\u00f3n ante la autoridad de control competente si considera que el tratamiento no se ajusta a la normativa vigente.<\/li>\n<\/ul>\n<p><b>Datos de contacto para ejercer sus derechos:<\/b><\/p>\n<p>Nombre: Sebastian Ignacio Kuhnel Bozzo<br \/>Direcci\u00f3n postal: Calle Palancia 32, San Antonio de Benageber, 46184, Valencia, Valencia, Espa\u00f1a<br \/>Tel\u00e9fono: +34 627619610<br \/>Correo electr\u00f3nico de contacto: info@creatorcy.com<\/p>\n<p><b>Car\u00e1cter obligatorio o facultativo de la informaci\u00f3n facilitada por el usuario:<\/b><\/p>\n<p>Los Usuarios, mediante la marcaci\u00f3n de las casillas correspondientes y la entrada de datos en los campos marcados con un asterisco (*) en el formulario de contacto o presentados en formularios de descarga, aceptan expresamente y de forma libre e inequ\u00edvoca que sus datos son necesarios para atender su petici\u00f3n por parte de Creatorcy. La inclusi\u00f3n de datos en los campos restantes es voluntaria. El Usuario garantiza que los datos personales facilitados a Creatorcy son veraces y se compromete a comunicar cualquier modificaci\u00f3n de los mismos.<\/p>\n<p>Creatorcy informa y garantiza expresamente a los usuarios que sus datos personales no ser\u00e1n cedidos en ning\u00fan caso a terceros. En caso de que se realice alguna cesi\u00f3n de datos personales, se solicitar\u00e1 previamente el consentimiento expreso, informado e inequ\u00edvoco por parte de los Usuarios. Todos los datos solicitados a trav\u00e9s del sitio web son obligatorios, ya que son necesarios para proporcionar un servicio \u00f3ptimo al Usuario. Si no se facilitan todos los datos, no se garantiza que la informaci\u00f3n y los servicios proporcionados sean completamente ajustados a las necesidades del Usuario.<\/p>\n<p><b>Medidas de seguridad:<\/b><\/p>\n<p>De conformidad con lo dispuesto en las normativas vigentes en protecci\u00f3n de datos personales, Creatorcy cumple con todas las disposiciones del GDPR para el tratamiento de los datos personales bajo su responsabilidad. Se garantiza que se tratan de manera l\u00edcita, leal y transparente en relaci\u00f3n con el interesado y se limitan a lo necesario para los fines del tratamiento.<\/p>\n<p>Creatorcy ha implementado pol\u00edticas t\u00e9cnicas y organizativas apropiadas para aplicar las medidas de seguridad establecidas por el GDPR, con el fin de proteger los derechos y libertades de los Usuarios. Se ha comunicado a los Usuarios la informaci\u00f3n adecuada para que puedan ejercer sus derechos.<\/p>\t\t\t\t\t\t<\/div>\n\t\t\t\t<\/div>\n\t\t\t\t\t<\/div>\n\t\t<\/div>\n\t\t\t\t\t<\/div>\n\t\t<\/section>\n\t\t\t\t<\/div>","protected":false},"excerpt":{"rendered":"<p>Privacy Policy User Information Sebastian Ignacio Kuhnel Bozzo, hereinafter referred to as &#8220;Creatorcy,&#8221; is responsible for the processing of User&#8217;s personal data and informs you that this data will be processed in accordance with the provisions of Regulation (EU) 2016\/679 of April 27, 2016 (GDPR) on the protection of individuals with regard to the processing [&hellip;]<\/p>","protected":false},"author":1,"featured_media":0,"parent":0,"menu_order":0,"comment_status":"closed","ping_status":"closed","template":"elementor_canvas","meta":{"site-sidebar-layout":"default","site-content-layout":"","ast-site-content-layout":"","site-content-style":"default","site-sidebar-style":"default","ast-global-header-display":"","ast-banner-title-visibility":"","ast-main-header-display":"","ast-hfb-above-header-display":"","ast-hfb-below-header-display":"","ast-hfb-mobile-header-display":"","site-post-title":"","ast-breadcrumbs-content":"","ast-featured-img":"","footer-sml-layout":"","theme-transparent-header-meta":"","adv-header-id-meta":"","stick-header-meta":"","header-above-stick-meta":"","header-main-stick-meta":"","header-below-stick-meta":"","astra-migrate-meta-layouts":"default","ast-page-background-enabled":"default","ast-page-background-meta":{"desktop":{"background-color":"var(--ast-global-color-4)","background-image":"","background-repeat":"repeat","background-position":"center center","background-size":"auto","background-attachment":"scroll","background-type":"","background-media":"","overlay-type":"","overlay-color":"","overlay-opacity":"","overlay-gradient":""},"tablet":{"background-color":"","background-image":"","background-repeat":"repeat","background-position":"center center","background-size":"auto","background-attachment":"scroll","background-type":"","background-media":"","overlay-type":"","overlay-color":"","overlay-opacity":"","overlay-gradient":""},"mobile":{"background-color":"","background-image":"","background-repeat":"repeat","background-position":"center center","background-size":"auto","background-attachment":"scroll","background-type":"","background-media":"","overlay-type":"","overlay-color":"","overlay-opacity":"","overlay-gradient":""}},"ast-content-background-meta":{"desktop":{"background-color":"var(--ast-global-color-5)","background-image":"","background-repeat":"repeat","background-position":"center center","background-size":"auto","background-attachment":"scroll","background-type":"","background-media":"","overlay-type":"","overlay-color":"","overlay-opacity":"","overlay-gradient":""},"tablet":{"background-color":"var(--ast-global-color-5)","background-image":"","background-repeat":"repeat","background-position":"center center","background-size":"auto","background-attachment":"scroll","background-type":"","background-media":"","overlay-type":"","overlay-color":"","overlay-opacity":"","overlay-gradient":""},"mobile":{"background-color":"var(--ast-global-color-5)","background-image":"","background-repeat":"repeat","background-position":"center center","background-size":"auto","background-attachment":"scroll","background-type":"","background-media":"","overlay-type":"","overlay-color":"","overlay-opacity":"","overlay-gradient":""}},"footnotes":""},"class_list":["post-2439","page","type-page","status-publish","hentry"],"_links":{"self":[{"href":"https:\/\/creatorcy.com\/es\/wp-json\/wp\/v2\/pages\/2439"}],"collection":[{"href":"https:\/\/creatorcy.com\/es\/wp-json\/wp\/v2\/pages"}],"about":[{"href":"https:\/\/creatorcy.com\/es\/wp-json\/wp\/v2\/types\/page"}],"author":[{"embeddable":true,"href":"https:\/\/creatorcy.com\/es\/wp-json\/wp\/v2\/users\/1"}],"replies":[{"embeddable":true,"href":"https:\/\/creatorcy.com\/es\/wp-json\/wp\/v2\/comments?post=2439"}],"version-history":[{"count":6,"href":"https:\/\/creatorcy.com\/es\/wp-json\/wp\/v2\/pages\/2439\/revisions"}],"predecessor-version":[{"id":2509,"href":"https:\/\/creatorcy.com\/es\/wp-json\/wp\/v2\/pages\/2439\/revisions\/2509"}],"wp:attachment":[{"href":"https:\/\/creatorcy.com\/es\/wp-json\/wp\/v2\/media?parent=2439"}],"curies":[{"name":"wp","href":"https:\/\/api.w.org\/{rel}","templated":true}]}}