{"id":2425,"date":"2023-07-17T20:48:08","date_gmt":"2023-07-17T20:48:08","guid":{"rendered":"https:\/\/creatorcy.com\/legal-notice-2\/"},"modified":"2023-07-17T21:02:46","modified_gmt":"2023-07-17T21:02:46","slug":"legal-notice","status":"publish","type":"page","link":"https:\/\/creatorcy.com\/es\/legal-notice\/","title":{"rendered":"Aviso Legal"},"content":{"rendered":"<div data-elementor-type=\"wp-page\" data-elementor-id=\"2425\" class=\"elementor elementor-2425\" data-elementor-post-type=\"page\">\n\t\t\t\t\t\t<section class=\"elementor-section elementor-top-section elementor-element elementor-element-71210bb7 elementor-section-content-space-around elementor-section-boxed elementor-section-height-default elementor-section-height-default\" data-id=\"71210bb7\" data-element_type=\"section\" data-settings=\"{&quot;background_background&quot;:&quot;classic&quot;}\">\n\t\t\t\t\t\t<div class=\"elementor-container elementor-column-gap-no\">\n\t\t\t\t\t<div class=\"elementor-column elementor-col-100 elementor-top-column elementor-element elementor-element-47859885\" data-id=\"47859885\" data-element_type=\"column\">\n\t\t\t<div class=\"elementor-widget-wrap elementor-element-populated\">\n\t\t\t\t\t\t<div class=\"elementor-element elementor-element-34187ee3 elementor-widget elementor-widget-heading\" data-id=\"34187ee3\" data-element_type=\"widget\" data-widget_type=\"heading.default\">\n\t\t\t\t<div class=\"elementor-widget-container\">\n\t\t\t<style>\/*! elementor - v3.23.0 - 05-08-2024 *\/\n.elementor-heading-title{padding:0;margin:0;line-height:1}.elementor-widget-heading .elementor-heading-title[class*=elementor-size-]>a{color:inherit;font-size:inherit;line-height:inherit}.elementor-widget-heading .elementor-heading-title.elementor-size-small{font-size:15px}.elementor-widget-heading .elementor-heading-title.elementor-size-medium{font-size:19px}.elementor-widget-heading .elementor-heading-title.elementor-size-large{font-size:29px}.elementor-widget-heading .elementor-heading-title.elementor-size-xl{font-size:39px}.elementor-widget-heading .elementor-heading-title.elementor-size-xxl{font-size:59px}<\/style><h1 class=\"elementor-heading-title elementor-size-default\">Aviso Legal\n\n<\/h1>\t\t<\/div>\n\t\t\t\t<\/div>\n\t\t\t\t\t<\/div>\n\t\t<\/div>\n\t\t\t\t\t<\/div>\n\t\t<\/section>\n\t\t\t\t<section class=\"elementor-section elementor-top-section elementor-element elementor-element-2c3cfb0 elementor-section-content-top elementor-section-boxed elementor-section-height-default elementor-section-height-default\" data-id=\"2c3cfb0\" data-element_type=\"section\" data-settings=\"{&quot;background_background&quot;:&quot;classic&quot;}\">\n\t\t\t\t\t\t\t<div class=\"elementor-background-overlay\"><\/div>\n\t\t\t\t\t\t\t<div class=\"elementor-container elementor-column-gap-no\">\n\t\t\t\t\t<div class=\"elementor-column elementor-col-100 elementor-top-column elementor-element elementor-element-48685b0f\" data-id=\"48685b0f\" data-element_type=\"column\">\n\t\t\t<div class=\"elementor-widget-wrap elementor-element-populated\">\n\t\t\t\t\t\t<div class=\"elementor-element elementor-element-1a626cb9 elementor-widget__width-initial elementor-widget elementor-widget-text-editor\" data-id=\"1a626cb9\" data-element_type=\"widget\" data-widget_type=\"text-editor.default\">\n\t\t\t\t<div class=\"elementor-widget-container\">\n\t\t\t<style>\/*! elementor - v3.23.0 - 05-08-2024 *\/\n.elementor-widget-text-editor.elementor-drop-cap-view-stacked .elementor-drop-cap{background-color:#69727d;color:#fff}.elementor-widget-text-editor.elementor-drop-cap-view-framed .elementor-drop-cap{color:#69727d;border:3px solid;background-color:transparent}.elementor-widget-text-editor:not(.elementor-drop-cap-view-default) .elementor-drop-cap{margin-top:8px}.elementor-widget-text-editor:not(.elementor-drop-cap-view-default) .elementor-drop-cap-letter{width:1em;height:1em}.elementor-widget-text-editor .elementor-drop-cap{float:left;text-align:center;line-height:1;font-size:50px}.elementor-widget-text-editor .elementor-drop-cap-letter{display:inline-block}<\/style>\t\t\t\t<p><b>Datos identificativos<\/b><\/p><p>Est\u00e1s visitando la p\u00e1gina web www.creatorcy.com, titularidad de Sebastian Ignacio Kuhnel Bozzo, con domicilio en Calle Palancia 32, San Antonio de Benageber, 46184, Valencia, Valencia, Espa\u00f1a, y con NIE n\u00ba Y2978127D (en adelante, \"Creatorcy\").<\/p><p>La actividad no est\u00e1 sujeta a ning\u00fan r\u00e9gimen de autorizaci\u00f3n administrativa previa.<\/p><p>Puedes contactar con Creatorcy por cualquiera de los siguientes medios:<\/p><p>Tel\u00e9fono: +34 627619610<br \/>Correo electr\u00f3nico de contacto: info@creatorcy.com<\/p><p><b>Hospedaje web<\/b><\/p><p>Hostinger International Ltd.<br \/>61 Lordou Vironos str., 6023 Larnaca, Chipre<br \/>Correo electr\u00f3nico de contacto: compliance@hostinger.com<\/p><p><b>Usuarios<\/b><\/p><p>Estas condiciones (en adelante, \"Aviso Legal\") tienen por finalidad regular el uso de la p\u00e1gina web de Creatorcy que se pone a disposici\u00f3n del p\u00fablico.<\/p><p>El acceso y\/o uso de esta p\u00e1gina web atribuye la condici\u00f3n de USUARIO, que acepta, desde dicho acceso y\/o uso, las condiciones generales de uso aqu\u00ed reflejadas. Estas condiciones ser\u00e1n de aplicaci\u00f3n independientemente de las condiciones generales de contrataci\u00f3n que en su caso resulten de obligado cumplimiento.<\/p><p><b>Uso del portal<\/b><\/p><p>www.creatorcy.com proporciona acceso a una variedad de informaciones, servicios, programas o datos (en adelante, \"los contenidos\") en Internet pertenecientes a Creatorcy o a sus licenciantes a los que el USUARIO pueda tener acceso.<\/p><p>El USUARIO asume la responsabilidad del uso del sitio web Creatorcy. Dicha responsabilidad se extiende al registro que fuese necesario para acceder a determinados servicios o contenidos. En dicho registro, el USUARIO ser\u00e1 responsable de aportar informaci\u00f3n veraz y l\u00edcita. Como consecuencia de este registro, al USUARIO se le puede entregar una contrase\u00f1a de la que ser\u00e1 responsable, comprometi\u00e9ndose a hacer un uso diligente y confidencial de la misma.<\/p><p>El USUARIO se compromete a hacer un uso adecuado de los contenidos y servicios (por ejemplo, servicios de chat, foros de discusi\u00f3n o grupos de noticias) que Creatorcy ofrece a trav\u00e9s de su sitio Creatorcy y, de manera enunciativa pero no limitativa, se compromete a no utilizarlos para:<\/p><ul><li>Realizar actividades il\u00edcitas, ilegales o contrarias a la buena fe y al orden p\u00fablico.<\/li><li>Difundir contenidos o propaganda de car\u00e1cter racista, xen\u00f3fobo, pornogr\u00e1fico ilegal, de apolog\u00eda del terrorismo o atentatorio contra los derechos humanos.<\/li><li>Provocar da\u00f1os en los sistemas f\u00edsicos y l\u00f3gicos de Creatorcy, de sus proveedores o de terceras personas, introducir o difundir en la red virus inform\u00e1ticos o cualquier otro sistema f\u00edsico o l\u00f3gico que sea susceptible de provocar los da\u00f1os anteriormente mencionados.<\/li><li>Intentar acceder y, en su caso, utilizar las cuentas de correo electr\u00f3nico de otros usuarios y modificar o manipular sus mensajes.<\/li><li>Utilizar el sitio web ni las informaciones que en \u00e9l se contienen con fines comerciales, pol\u00edticos, publicitarios y para cualquier uso comercial, especialmente el env\u00edo de correos electr\u00f3nicos no solicitados.<\/li><\/ul><p>Creatorcy tiene el derecho de retirar todos aquellos comentarios y aportaciones que vulneren el respeto a la dignidad de la persona, sean discriminatorios, xen\u00f3fobos, racistas, pornogr\u00e1ficos, que atenten contra la juventud o la infancia, el orden o la seguridad p\u00fablica o que, a su juicio, no sean adecuados para su publicaci\u00f3n. En cualquier caso, Creatorcy no ser\u00e1 responsable de las opiniones vertidas por los usuarios a trav\u00e9s de los foros, chats u otras herramientas de participaci\u00f3n.<\/p><p><b>Protecci\u00f3n de datos<\/b><\/p><p>Todo lo relativo a la pol\u00edtica de protecci\u00f3n de datos se encuentra recogido en el documento de pol\u00edtica de privacidad.<\/p><p><b>Contenidos. Propiedad intelectual e industrial<\/b><\/p><p>Creatorcy es propietario de todos los derechos de propiedad intelectual e industrial de su p\u00e1gina web, as\u00ed como de los elementos contenidos en la misma (a t\u00edtulo enunciativo: im\u00e1genes, fotograf\u00edas, sonido, audio, v\u00eddeo, software o textos; marcas o logotipos, combinaciones de colores, estructura y dise\u00f1o, selecci\u00f3n de materiales usados, programas de ordenador necesarios para su funcionamiento, acceso y uso, etc.), titularidad de Creatorcy o de sus licenciantes.<\/p><p>Todos los derechos reservados. De acuerdo con lo establecido en los art\u00edculos 8 y 32.1, p\u00e1rrafo segundo, de la Ley de Propiedad Intelectual, quedan expresamente prohibidas la reproducci\u00f3n, la distribuci\u00f3n y la comunicaci\u00f3n p\u00fablica, incluida su modalidad de puesta a disposici\u00f3n, de la totalidad o parte de los contenidos de esta p\u00e1gina web, con fines comerciales, en cualquier soporte y por cualquier medio t\u00e9cnico, sin la autorizaci\u00f3n de Creatorcy.<\/p><p>El USUARIO se compromete a respetar los derechos de Propiedad Intelectual e Industrial titularidad de Creatorcy. Podr\u00e1 visualizar los elementos del sitio Creatorcy e incluso imprimirlos, copiarlos y almacenarlos en el disco duro de su ordenador o en cualquier otro soporte f\u00edsico siempre y cuando sea, \u00fanica y exclusivamente, para su uso personal y privado. El USUARIO no podr\u00e1 suprimir, alterar, eludir o manipular cualquier dispositivo de protecci\u00f3n o sistema de seguridad que estuviera instalado en las p\u00e1ginas de Creatorcy.<\/p><p><b>Exclusi\u00f3n de garant\u00edas y responsabilidad<\/b><\/p><p>El USUARIO reconoce que la utilizaci\u00f3n de la p\u00e1gina web y de sus contenidos y servicios se desarrolla bajo su \u00fanica responsabilidad. En concreto, a t\u00edtulo meramente enunciativo, Creatorcy no asume ninguna responsabilidad en los siguientes \u00e1mbitos:<\/p><p>a) La disponibilidad en el funcionamiento de la p\u00e1gina web, sus servicios y contenidos y su calidad o interoperabilidad.<br \/>b) La finalidad para la que la p\u00e1gina web sirva a los objetivos del USUARIO.<br \/>c) La infracci\u00f3n de la legislaci\u00f3n vigente por parte del USUARIO o terceros y, en concreto, de los derechos de propiedad intelectual o industrial que sean propiedad de otras personas o entidades.<br \/>d) La existencia de c\u00f3digos maliciosos o cualquier otro elemento inform\u00e1tico da\u00f1ino que pudiera causar da\u00f1os al sistema inform\u00e1tico del USUARIO o de terceros. Es responsabilidad del USUARIO, en todo caso, disponer de herramientas adecuadas para la detecci\u00f3n y desinfecci\u00f3n de estos elementos.<br \/>e) El acceso fraudulento a los contenidos o servicios por parte de terceros no autorizados, o, en su caso, la captura, eliminaci\u00f3n, alteraci\u00f3n, modificaci\u00f3n o manipulaci\u00f3n de los mensajes y comunicaciones de cualquier tipo que dichos terceros pudieran realizar.<br \/>f) La exactitud, veracidad, actualidad y utilidad de los contenidos y servicios ofrecidos y la utilizaci\u00f3n posterior que de ellos haga el USUARIO. Creatorcy pondr\u00e1 todos los esfuerzos y medios razonables para facilitar informaci\u00f3n actualizada y veraz.<br \/>g) Los da\u00f1os producidos a equipos inform\u00e1ticos durante el acceso a la p\u00e1gina web y los da\u00f1os producidos a los USUARIOS cuando tengan su origen en fallos o desconexiones en las redes de telecomunicaciones que interrumpan el servicio.<br \/>h) Los da\u00f1os o perjuicios que se deriven de circunstancias ocurridas por caso fortuito o fuerza mayor.<\/p><p>En caso de que existan foros, en el uso de los mismos u otros espacios an\u00e1logos, debe tenerse en cuenta que los mensajes reflejan \u00fanicamente la opini\u00f3n del USUARIO que los remite, siendo este el \u00fanico responsable. Creatorcy no se hace responsable del contenido de los mensajes enviados por el USUARIO.<\/p><p><b>Modificaci\u00f3n de este aviso legal y duraci\u00f3n<\/b><\/p><p>Creatorcy se reserva el derecho de realizar sin previo aviso las modificaciones que considere oportunas en el sitio web Creatorcy, pudiendo cambiar, suprimir o a\u00f1adir tanto los contenidos y servicios que se presten a trav\u00e9s de la misma como la forma en la que estos aparezcan presentados o localizados en el sitio web Creatorcy.<\/p><p>La vigencia de las citadas condiciones ir\u00e1 en funci\u00f3n de su exposici\u00f3n y estar\u00e1n vigentes hasta que sean modificadas por otras debidamente publicadas.<\/p><p><strong>Enlaces<\/strong><\/p><p>En el caso de que en www.creatorcy.com se incluyan enlaces o hiperv\u00ednculos a otros sitios de Internet, Creatorcy no ejercer\u00e1 ning\u00fan tipo de control sobre dichos sitios y contenidos. En ning\u00fan caso Creatorcy asumir\u00e1 responsabilidad alguna por los contenidos de alg\u00fan enlace perteneciente a un sitio web ajeno, ni garantizar\u00e1 la disponibilidad t\u00e9cnica, calidad, fiabilidad, exactitud, amplitud, veracidad, validez y constitucionalidad de cualquier material o informaci\u00f3n contenido en ninguno de dichos hiperv\u00ednculos u otros sitios de Internet. La inclusi\u00f3n de estas conexiones externas no implicar\u00e1 ning\u00fan tipo de asociaci\u00f3n, fusi\u00f3n o participaci\u00f3n con las entidades conectadas.<\/p><p><b>Derecho de exclusi\u00f3n<\/b><\/p><p>Creatorcy se reserva el derecho a denegar o retirar el acceso al sitio web Creatorcy y\/o los servicios ofrecidos sin necesidad de advertencia previa, a instancia propia o de un tercero, a aquellos usuarios que incumplan el contenido de este aviso legal.<\/p><p><b>Generalidades<\/b><\/p><p>Creatorcy perseguir\u00e1 el incumplimiento de estas condiciones, as\u00ed como cualquier utilizaci\u00f3n indebida del sitio web Creatorcy, ejerciendo todas las acciones civiles y penales que le puedan corresponder en derecho.<\/p><p><b>Legislaci\u00f3n aplicable y jurisdicci\u00f3n<\/b><\/p><p>La relaci\u00f3n entre Creatorcy y el USUARIO se regir\u00e1 por la normativa espa\u00f1ola vigente. Todas las disputas y reclamaciones derivadas de este aviso legal se resolver\u00e1n por los juzgados y tribunales competentes.<\/p><p>Esta pol\u00edtica de cookies fue actualizada el d\u00eda 24 de junio de 2023 para adaptarse al Reglamento (UE) 2016\/679 del Parlamento Europeo y del Consejo, de 27 de abril de 2016, relativo a la protecci\u00f3n de las personas f\u00edsicas en lo que respecta al tratamiento de datos personales y a la libre circulaci\u00f3n de estos datos (RGPD).<\/p>\t\t\t\t\t\t<\/div>\n\t\t\t\t<\/div>\n\t\t\t\t\t<\/div>\n\t\t<\/div>\n\t\t\t\t\t<\/div>\n\t\t<\/section>\n\t\t\t\t<\/div>","protected":false},"excerpt":{"rendered":"<p>Legal Notice Identification Data You are visiting the website www.creatorcy.com, owned by Sebastian Ignacio Kuhnel Bozzo, with the address at Calle Palancia 32, San Antonio de Benageber, 46184, Valencia, Valencia, Spain, and with NIE number Y2978127D (hereinafter referred to as &#8220;Creatorcy&#8221;). The activity is not subject to any prior administrative authorization regime. You can contact [&hellip;]<\/p>","protected":false},"author":1,"featured_media":0,"parent":0,"menu_order":0,"comment_status":"closed","ping_status":"closed","template":"elementor_canvas","meta":{"site-sidebar-layout":"no-sidebar","site-content-layout":"page-builder","ast-site-content-layout":"","site-content-style":"default","site-sidebar-style":"default","ast-global-header-display":"","ast-banner-title-visibility":"","ast-main-header-display":"","ast-hfb-above-header-display":"","ast-hfb-below-header-display":"","ast-hfb-mobile-header-display":"","site-post-title":"disabled","ast-breadcrumbs-content":"","ast-featured-img":"disabled","footer-sml-layout":"","theme-transparent-header-meta":"","adv-header-id-meta":"","stick-header-meta":"","header-above-stick-meta":"","header-main-stick-meta":"","header-below-stick-meta":"","astra-migrate-meta-layouts":"default","ast-page-background-enabled":"default","ast-page-background-meta":{"desktop":{"background-color":"var(--ast-global-color-4)","background-image":"","background-repeat":"repeat","background-position":"center center","background-size":"auto","background-attachment":"scroll","background-type":"","background-media":"","overlay-type":"","overlay-color":"","overlay-opacity":"","overlay-gradient":""},"tablet":{"background-color":"","background-image":"","background-repeat":"repeat","background-position":"center center","background-size":"auto","background-attachment":"scroll","background-type":"","background-media":"","overlay-type":"","overlay-color":"","overlay-opacity":"","overlay-gradient":""},"mobile":{"background-color":"","background-image":"","background-repeat":"repeat","background-position":"center center","background-size":"auto","background-attachment":"scroll","background-type":"","background-media":"","overlay-type":"","overlay-color":"","overlay-opacity":"","overlay-gradient":""}},"ast-content-background-meta":{"desktop":{"background-color":"var(--ast-global-color-5)","background-image":"","background-repeat":"repeat","background-position":"center center","background-size":"auto","background-attachment":"scroll","background-type":"","background-media":"","overlay-type":"","overlay-color":"","overlay-opacity":"","overlay-gradient":""},"tablet":{"background-color":"var(--ast-global-color-5)","background-image":"","background-repeat":"repeat","background-position":"center center","background-size":"auto","background-attachment":"scroll","background-type":"","background-media":"","overlay-type":"","overlay-color":"","overlay-opacity":"","overlay-gradient":""},"mobile":{"background-color":"var(--ast-global-color-5)","background-image":"","background-repeat":"repeat","background-position":"center center","background-size":"auto","background-attachment":"scroll","background-type":"","background-media":"","overlay-type":"","overlay-color":"","overlay-opacity":"","overlay-gradient":""}},"footnotes":""},"class_list":["post-2425","page","type-page","status-publish","hentry"],"_links":{"self":[{"href":"https:\/\/creatorcy.com\/es\/wp-json\/wp\/v2\/pages\/2425"}],"collection":[{"href":"https:\/\/creatorcy.com\/es\/wp-json\/wp\/v2\/pages"}],"about":[{"href":"https:\/\/creatorcy.com\/es\/wp-json\/wp\/v2\/types\/page"}],"author":[{"embeddable":true,"href":"https:\/\/creatorcy.com\/es\/wp-json\/wp\/v2\/users\/1"}],"replies":[{"embeddable":true,"href":"https:\/\/creatorcy.com\/es\/wp-json\/wp\/v2\/comments?post=2425"}],"version-history":[{"count":6,"href":"https:\/\/creatorcy.com\/es\/wp-json\/wp\/v2\/pages\/2425\/revisions"}],"predecessor-version":[{"id":2510,"href":"https:\/\/creatorcy.com\/es\/wp-json\/wp\/v2\/pages\/2425\/revisions\/2510"}],"wp:attachment":[{"href":"https:\/\/creatorcy.com\/es\/wp-json\/wp\/v2\/media?parent=2425"}],"curies":[{"name":"wp","href":"https:\/\/api.w.org\/{rel}","templated":true}]}}