{"id":2422,"date":"2023-07-17T20:48:08","date_gmt":"2023-07-17T20:48:08","guid":{"rendered":"https:\/\/creatorcy.com\/cookies-policy\/"},"modified":"2023-07-17T20:48:21","modified_gmt":"2023-07-17T20:48:21","slug":"cookies-policy","status":"publish","type":"page","link":"https:\/\/creatorcy.com\/es\/cookies-policy\/","title":{"rendered":"Pol\u00edtica de Cookies"},"content":{"rendered":"<div data-elementor-type=\"wp-page\" data-elementor-id=\"2422\" class=\"elementor elementor-2422\" data-elementor-post-type=\"page\">\n\t\t\t\t\t\t<section class=\"elementor-section elementor-top-section elementor-element elementor-element-2ddf7f08 elementor-section-content-space-around elementor-section-boxed elementor-section-height-default elementor-section-height-default\" data-id=\"2ddf7f08\" data-element_type=\"section\" data-settings=\"{&quot;background_background&quot;:&quot;classic&quot;}\">\n\t\t\t\t\t\t<div class=\"elementor-container elementor-column-gap-no\">\n\t\t\t\t\t<div class=\"elementor-column elementor-col-100 elementor-top-column elementor-element elementor-element-7c7e5152\" data-id=\"7c7e5152\" data-element_type=\"column\">\n\t\t\t<div class=\"elementor-widget-wrap elementor-element-populated\">\n\t\t\t\t\t\t<div class=\"elementor-element elementor-element-15dae289 elementor-widget elementor-widget-heading\" data-id=\"15dae289\" data-element_type=\"widget\" data-widget_type=\"heading.default\">\n\t\t\t\t<div class=\"elementor-widget-container\">\n\t\t\t<style>\/*! elementor - v3.23.0 - 05-08-2024 *\/\n.elementor-heading-title{padding:0;margin:0;line-height:1}.elementor-widget-heading .elementor-heading-title[class*=elementor-size-]>a{color:inherit;font-size:inherit;line-height:inherit}.elementor-widget-heading .elementor-heading-title.elementor-size-small{font-size:15px}.elementor-widget-heading .elementor-heading-title.elementor-size-medium{font-size:19px}.elementor-widget-heading .elementor-heading-title.elementor-size-large{font-size:29px}.elementor-widget-heading .elementor-heading-title.elementor-size-xl{font-size:39px}.elementor-widget-heading .elementor-heading-title.elementor-size-xxl{font-size:59px}<\/style><h1 class=\"elementor-heading-title elementor-size-default\">Pol\u00edtica de Cookies<\/h1>\t\t<\/div>\n\t\t\t\t<\/div>\n\t\t\t\t\t<\/div>\n\t\t<\/div>\n\t\t\t\t\t<\/div>\n\t\t<\/section>\n\t\t\t\t<section class=\"elementor-section elementor-top-section elementor-element elementor-element-18052cbd elementor-section-content-top elementor-section-boxed elementor-section-height-default elementor-section-height-default\" data-id=\"18052cbd\" data-element_type=\"section\" data-settings=\"{&quot;background_background&quot;:&quot;classic&quot;}\">\n\t\t\t\t\t\t\t<div class=\"elementor-background-overlay\"><\/div>\n\t\t\t\t\t\t\t<div class=\"elementor-container elementor-column-gap-no\">\n\t\t\t\t\t<div class=\"elementor-column elementor-col-100 elementor-top-column elementor-element elementor-element-7eeb9dd2\" data-id=\"7eeb9dd2\" data-element_type=\"column\">\n\t\t\t<div class=\"elementor-widget-wrap elementor-element-populated\">\n\t\t\t\t\t\t<div class=\"elementor-element elementor-element-2147985a elementor-widget__width-initial elementor-widget elementor-widget-text-editor\" data-id=\"2147985a\" data-element_type=\"widget\" data-widget_type=\"text-editor.default\">\n\t\t\t\t<div class=\"elementor-widget-container\">\n\t\t\t<style>\/*! elementor - v3.23.0 - 05-08-2024 *\/\n.elementor-widget-text-editor.elementor-drop-cap-view-stacked .elementor-drop-cap{background-color:#69727d;color:#fff}.elementor-widget-text-editor.elementor-drop-cap-view-framed .elementor-drop-cap{color:#69727d;border:3px solid;background-color:transparent}.elementor-widget-text-editor:not(.elementor-drop-cap-view-default) .elementor-drop-cap{margin-top:8px}.elementor-widget-text-editor:not(.elementor-drop-cap-view-default) .elementor-drop-cap-letter{width:1em;height:1em}.elementor-widget-text-editor .elementor-drop-cap{float:left;text-align:center;line-height:1;font-size:50px}.elementor-widget-text-editor .elementor-drop-cap-letter{display:inline-block}<\/style>\t\t\t\t<p><b>Informaci\u00f3n sobre cookies<\/b><\/p>\n<p>Debido a la entrada en vigor de la modificaci\u00f3n de la \"Ley de Servicios de la Sociedad de la Informaci\u00f3n\" (LSSICE) establecida por el Real Decreto 13\/2012, es necesario obtener el consentimiento expreso del usuario para el uso de cookies prescindibles antes de que este navegue por nuestras p\u00e1ginas web.<\/p>\n<p><b>\u00bfQu\u00e9 son las cookies?<\/b><\/p>\n<p>Las cookies y otras tecnolog\u00edas similares, como los objetos locales compartidos, las cookies de Flash o los p\u00edxeles, son herramientas empleadas por los servidores web para almacenar y recuperar informaci\u00f3n sobre sus visitantes, as\u00ed como para ofrecer un correcto funcionamiento del sitio.<\/p>\n<p>Mediante el uso de estos dispositivos, el servidor web puede recordar algunos datos concernientes al usuario, como sus preferencias para la visualizaci\u00f3n de las p\u00e1ginas de dicho servidor, su nombre y contrase\u00f1a, los productos que le interesan, entre otros.<\/p>\n<p><b>Cookies afectadas por la normativa y cookies exceptuadas<\/b><\/p>\n<p>Seg\u00fan la directiva de la UE, las cookies que requieren el consentimiento informado por parte del usuario son las cookies de an\u00e1lisis, las cookies de publicidad y afiliaci\u00f3n, quedando exceptuadas las cookies de car\u00e1cter t\u00e9cnico y las necesarias para el funcionamiento del sitio web o la prestaci\u00f3n de servicios expresamente solicitados por el usuario.<\/p>\n<p><b>\u00bfQu\u00e9 tipos de cookies existen?<\/b><\/p>\n<ol>\n<li>Cookies anal\u00edticas: recogen informaci\u00f3n sobre el uso que se realiza del sitio web.<\/li>\n<li>Cookies sociales: son necesarias para compartir contenido en redes sociales externas.<\/li>\n<li>Cookies de afiliados: permiten hacer un seguimiento de las visitas procedentes de otras webs con las que el sitio web establece un contrato de afiliaci\u00f3n (empresas de afiliaci\u00f3n).<\/li>\n<li>Cookies de publicidad y comportamentales: recogen informaci\u00f3n sobre las preferencias y elecciones personales del usuario (retargeting).<\/li>\n<li>Cookies t\u00e9cnicas y funcionales: son estrictamente necesarias para el uso del sitio web y la prestaci\u00f3n del servicio contratado.<\/li>\n<\/ol>\n<p><b>Revocaci\u00f3n del consentimiento para instalar cookies y c\u00f3mo eliminar las cookies del navegador<\/b><\/p>\n<p>A continuaci\u00f3n, te explicamos c\u00f3mo revocar el consentimiento para instalar cookies y c\u00f3mo eliminarlas en los navegadores m\u00e1s comunes:<\/p>\n<p><b>Google Chrome:<\/b><\/p>\n<ol>\n<li>Haz clic en el icono de Herramientas.<\/li>\n<li>Selecciona \"Configuraci\u00f3n\".<\/li>\n<li>Haz clic en \"Configuraci\u00f3n avanzada\".<\/li>\n<li>En la secci\u00f3n \"Privacidad y seguridad\", haz clic en \"Configuraci\u00f3n de contenido\".<\/li>\n<li>Para eliminar cookies, haz clic en \"Todas las cookies y los datos de sitios\".<\/li>\n<li>Para eliminar la cach\u00e9, haz clic en \"Eliminar datos de navegaci\u00f3n\".<\/li>\n<li>Cierra y reinicia el navegador.<\/li>\n<\/ol>\n<p><b>Internet Explorer (versi\u00f3n 11):<\/b><\/p>\n<ol>\n<li>Haz clic en \"Herramientas\" y selecciona \"Opciones de Internet\".<\/li>\n<li>Haz clic en la pesta\u00f1a \"General\".<\/li>\n<li>En la secci\u00f3n \"Historial de exploraci\u00f3n\", haz clic en \"Eliminar\".<\/li>\n<li>Selecciona \"Eliminar archivos\" y \"Eliminar cookies\".<\/li>\n<li>Haz clic en \"Eliminar\".<\/li>\n<li>Cierra y reinicia el navegador.<\/li>\n<\/ol>\n<p><b>Mozilla Firefox (versi\u00f3n 18):<\/b><\/p>\n<ol>\n<li>Haz clic en \"Firefox\" y selecciona \"Historial\".<\/li>\n<li>Haz clic en \"Limpiar el historial reciente\".<\/li>\n<li>Marca las casillas de verificaci\u00f3n de \"Cookies\" y \"Cach\u00e9\".<\/li>\n<li>Selecciona \"Todo\" en el men\u00fa desplegable \"Intervalo de tiempo para borrar\".<\/li>\n<li>Haz clic en \"Borrar ahora\".<\/li>\n<li>Cierra y reinicia el navegador.<\/li>\n<\/ol>\n<p><b>Safari (versi\u00f3n 5.1):<\/b><\/p>\n<ol>\n<li>Haz clic en el icono de Safari y selecciona \"Restaurar Safari\".<\/li>\n<li>Marca las casillas de verificaci\u00f3n de \"Borrar el historial\" y \"Eliminar todos los datos del sitio web\".<\/li>\n<li>Haz clic en \"Restablecer\".<\/li>\n<li>Cierra y reinicia el navegador.<\/li>\n<\/ol>\n<p><b>Opera:<\/b><\/p>\n<ol>\n<li>Haz clic en \"Opciones\" y selecciona \"Avanzado\".<\/li>\n<li>En la secci\u00f3n \"Cookies\", elige las opciones de aceptaci\u00f3n o rechazo de cookies.<\/li>\n<li>Cierra y reinicia el navegador.<\/li>\n<\/ol>\n<p>Para obtener m\u00e1s informaci\u00f3n sobre c\u00f3mo gestionar cookies en otros navegadores, consulta la documentaci\u00f3n del navegador que tengas instalado.<\/p>\t\t\t\t\t\t<\/div>\n\t\t\t\t<\/div>\n\t\t\t\t\t<\/div>\n\t\t<\/div>\n\t\t\t\t\t<\/div>\n\t\t<\/section>\n\t\t\t\t<\/div>","protected":false},"excerpt":{"rendered":"<p>Cookie Policy Information about cookies Due to the enforcement of the modification to the &#8220;Law on Information Society Services&#8221; (LSSICE) established by Royal Decree 13\/2012, it is necessary to obtain the express consent of the user for the use of non-essential cookies before they browse our web pages. What are cookies? Cookies and other similar [&hellip;]<\/p>","protected":false},"author":1,"featured_media":0,"parent":0,"menu_order":0,"comment_status":"closed","ping_status":"closed","template":"elementor_canvas","meta":{"site-sidebar-layout":"no-sidebar","site-content-layout":"page-builder","ast-site-content-layout":"","site-content-style":"default","site-sidebar-style":"default","ast-global-header-display":"","ast-banner-title-visibility":"","ast-main-header-display":"","ast-hfb-above-header-display":"","ast-hfb-below-header-display":"","ast-hfb-mobile-header-display":"","site-post-title":"disabled","ast-breadcrumbs-content":"","ast-featured-img":"disabled","footer-sml-layout":"","theme-transparent-header-meta":"","adv-header-id-meta":"","stick-header-meta":"","header-above-stick-meta":"","header-main-stick-meta":"","header-below-stick-meta":"","astra-migrate-meta-layouts":"default","ast-page-background-enabled":"default","ast-page-background-meta":{"desktop":{"background-color":"var(--ast-global-color-4)","background-image":"","background-repeat":"repeat","background-position":"center center","background-size":"auto","background-attachment":"scroll","background-type":"","background-media":"","overlay-type":"","overlay-color":"","overlay-opacity":"","overlay-gradient":""},"tablet":{"background-color":"","background-image":"","background-repeat":"repeat","background-position":"center center","background-size":"auto","background-attachment":"scroll","background-type":"","background-media":"","overlay-type":"","overlay-color":"","overlay-opacity":"","overlay-gradient":""},"mobile":{"background-color":"","background-image":"","background-repeat":"repeat","background-position":"center center","background-size":"auto","background-attachment":"scroll","background-type":"","background-media":"","overlay-type":"","overlay-color":"","overlay-opacity":"","overlay-gradient":""}},"ast-content-background-meta":{"desktop":{"background-color":"var(--ast-global-color-5)","background-image":"","background-repeat":"repeat","background-position":"center center","background-size":"auto","background-attachment":"scroll","background-type":"","background-media":"","overlay-type":"","overlay-color":"","overlay-opacity":"","overlay-gradient":""},"tablet":{"background-color":"var(--ast-global-color-5)","background-image":"","background-repeat":"repeat","background-position":"center center","background-size":"auto","background-attachment":"scroll","background-type":"","background-media":"","overlay-type":"","overlay-color":"","overlay-opacity":"","overlay-gradient":""},"mobile":{"background-color":"var(--ast-global-color-5)","background-image":"","background-repeat":"repeat","background-position":"center center","background-size":"auto","background-attachment":"scroll","background-type":"","background-media":"","overlay-type":"","overlay-color":"","overlay-opacity":"","overlay-gradient":""}},"footnotes":""},"class_list":["post-2422","page","type-page","status-publish","hentry"],"_links":{"self":[{"href":"https:\/\/creatorcy.com\/es\/wp-json\/wp\/v2\/pages\/2422"}],"collection":[{"href":"https:\/\/creatorcy.com\/es\/wp-json\/wp\/v2\/pages"}],"about":[{"href":"https:\/\/creatorcy.com\/es\/wp-json\/wp\/v2\/types\/page"}],"author":[{"embeddable":true,"href":"https:\/\/creatorcy.com\/es\/wp-json\/wp\/v2\/users\/1"}],"replies":[{"embeddable":true,"href":"https:\/\/creatorcy.com\/es\/wp-json\/wp\/v2\/comments?post=2422"}],"version-history":[{"count":4,"href":"https:\/\/creatorcy.com\/es\/wp-json\/wp\/v2\/pages\/2422\/revisions"}],"predecessor-version":[{"id":2484,"href":"https:\/\/creatorcy.com\/es\/wp-json\/wp\/v2\/pages\/2422\/revisions\/2484"}],"wp:attachment":[{"href":"https:\/\/creatorcy.com\/es\/wp-json\/wp\/v2\/media?parent=2422"}],"curies":[{"name":"wp","href":"https:\/\/api.w.org\/{rel}","templated":true}]}}